{"id":3300,"date":"2023-08-21T10:30:06","date_gmt":"2023-08-21T08:30:06","guid":{"rendered":"https:\/\/naylawp.pethemes.com\/?page_id=3300"},"modified":"2024-02-15T13:50:14","modified_gmt":"2024-02-15T12:50:14","slug":"works-personal","status":"publish","type":"page","link":"https:\/\/anetawitkowska.pl\/?page_id=3300","title":{"rendered":"Works &#8211; Personal"},"content":{"rendered":"\t\t<div data-elementor-type=\"wp-page\" data-elementor-id=\"3300\" class=\"elementor elementor-3300\">\n\t\t\t\t<div class=\"elementor-element elementor-element-3274219 wrapper-wide section-normal e-flex e-con-boxed default e-con e-parent\" data-id=\"3274219\" data-element_type=\"container\">\n\t\t\t\t\t<div class=\"e-con-inner\">\n\t\t<div class=\"elementor-element elementor-element-014845a e-con-full wrapper-wide section-normal e-flex default e-con e-child\" data-id=\"014845a\" data-element_type=\"container\">\n\t\t\t\t<div class=\"elementor-element elementor-element-33f7d9e elementor-widget elementor-widget-naylasitemenu\" data-id=\"33f7d9e\" data-element_type=\"widget\" data-widget_type=\"naylasitemenu.default\">\n\t\t\t\t<div class=\"elementor-widget-container\">\n\t\t\t\t\t\n\n\n<nav id=\"site-navigation\" class=\"main-navigation classic \"><ul id=\"menu-main-menu-personal\" class=\"menu main-menu \"><li id=\"menu-item-6654\" class=\"menu-item menu-item-type-post_type menu-item-object-page menu-item-home menu-item-6654\"><a href=\"https:\/\/anetawitkowska.pl\/\">STRONA G\u0141\u00d3WNA<\/a><\/li>\n<li id=\"menu-item-6655\" class=\"menu-item menu-item-type-post_type menu-item-object-page menu-item-6655\"><a href=\"https:\/\/anetawitkowska.pl\/?page_id=3274\">O MNIE<\/a><\/li>\n<li id=\"menu-item-6653\" class=\"menu-item menu-item-type-post_type menu-item-object-page menu-item-6653\"><a href=\"https:\/\/anetawitkowska.pl\/?page_id=3300\">PORTFOLIO<\/a><\/li>\n<\/ul><\/nav>\n\n\t\t\t\t<\/div>\n\t\t\t\t<\/div>\n\t\t\t\t<\/div>\n\t\t<div class=\"elementor-element elementor-element-72c5f28 e-con-full wrapper-wide section-normal e-flex default e-con e-child\" data-id=\"72c5f28\" data-element_type=\"container\">\n\t\t\t\t<\/div>\n\t\t\t\t\t<\/div>\n\t\t\t\t<\/div>\n\t\t<div class=\"elementor-element elementor-element-039bdd4 wrapper-wide section-normal e-flex e-con-boxed default e-con e-parent\" data-id=\"039bdd4\" data-element_type=\"container\">\n\t\t\t\t\t<div class=\"e-con-inner\">\n\t\t\t\t<div class=\"elementor-element elementor-element-619b2dc elementor-widget elementor-widget-naylamarquee\" data-id=\"619b2dc\" data-element_type=\"widget\" data-widget_type=\"naylamarquee.default\">\n\t\t\t\t<div class=\"elementor-widget-container\">\n\t\t\t\t\t\n      <h1 class=\"nayla-marquee  left-to-right   cursor-default icon_font\" data-duration=10 data-sepduration=10 >\n\n\n        <span class=\"\">PORTFOLIO<\/span>\n        <div class=\"seperator \"> \n\n            \n            \n            \n\n\n\n        <\/div>\n\n\n\n   <\/h1>    \n    \t\t\t\t<\/div>\n\t\t\t\t<\/div>\n\t\t\t\t\t<\/div>\n\t\t\t\t<\/div>\n\t\t<div class=\"elementor-element elementor-element-48c2608 wrapper-wide section-normal e-flex e-con-boxed default e-con e-parent\" data-id=\"48c2608\" data-element_type=\"container\">\n\t\t\t\t\t<div class=\"e-con-inner\">\n\t\t\t\t<div class=\"elementor-element elementor-element-ede74ef elementor-widget elementor-widget-naylaprojectscarousel\" data-id=\"ede74ef\" data-element_type=\"widget\" data-widget_type=\"naylaprojectscarousel.default\">\n\t\t\t\t<div class=\"elementor-widget-container\">\n\t\t\t\t\t\n<!-- Dynamic Carousel -->\n<div class=\"nayla-dynamic-carousel navScroll items-center parallax-on eq-height title-top\" data-scroll-speed=\"3000\" style=\"--gap: 30px\" >\n\n\n        <!-- Carousel Control -->\n    <div class=\"carousel-controls\">\n\n        \n\n        \n    <\/div>\n    <!--\/Carousel Control -->\n\n    \n\n    <div class=\"carousel--wrapper \">\n\n        \n\n        <!-- Carusel Item -->\n        <div class=\"carousel--item \" data-duration=1 data-scrub=\"false\" data-pin=\"false\" data-anim-out=\"false\"  data-delay=0>\n\n            <!-- Single Project -->\n            <div class=\"single-project\">\n\n                <!-- Project URL --><a class=\" cursor-default inner-project-link\"  href=\"https:\/\/anetawitkowska.pl\/?portfolio=kampanie-verco\">\n\n                    <div class=\"single-project-wrap\">\n\n                        \n                        <!-- Meta -->\n                        <div class=\"single-project-meta\">\n\n                            <div class=\"single-project-title text-h6\">\n                                Kampanie lek\u00f3w dla kobiet                            <\/div>\n\n                            <div class=\"single-project-category\"> <span>Web Design<\/span><\/div>\n\n                        <\/div>\n                        <!--\/ Meta -->\n\n                        \n\n                        <!-- Image -->\n                        <div class=\"single-project-image trans-media\">\n\n                            \n                            \n                            <img decoding=\"async\" src=\"https:\/\/anetawitkowska.pl\/wp-content\/uploads\/2023\/11\/201-1.png\">\n\n                            \n                        <\/div>\n                        <!--\/ Image -->\n\n                        \n                    <\/div>\n\n                <\/a>\n\n            <\/div>\n            <!--\/ Single Project -->\n\n        <\/div>\n        <!--\/ Carusel Item -->\n\n        \n\n        <!-- Carusel Item -->\n        <div class=\"carousel--item \" data-duration=1 data-scrub=\"false\" data-pin=\"false\" data-anim-out=\"false\"  data-delay=0>\n\n            <!-- Single Project -->\n            <div class=\"single-project\">\n\n                <!-- Project URL --><a class=\" cursor-default inner-project-link\"  href=\"https:\/\/anetawitkowska.pl\/?portfolio=web-nesvita\">\n\n                    <div class=\"single-project-wrap\">\n\n                        \n                        <!-- Meta -->\n                        <div class=\"single-project-meta\">\n\n                            <div class=\"single-project-title text-h6\">\n                                Projekty webowe dla Marki spo\u017cywczej                            <\/div>\n\n                            <div class=\"single-project-category\"> <span>Social Media i animacja<\/span><span>Web Design<\/span><\/div>\n\n                        <\/div>\n                        <!--\/ Meta -->\n\n                        \n\n                        <!-- Image -->\n                        <div class=\"single-project-image trans-media\">\n\n                            \n                            \n                            <img decoding=\"async\" src=\"https:\/\/anetawitkowska.pl\/wp-content\/uploads\/2023\/11\/340.png\">\n\n                            \n                        <\/div>\n                        <!--\/ Image -->\n\n                        \n                    <\/div>\n\n                <\/a>\n\n            <\/div>\n            <!--\/ Single Project -->\n\n        <\/div>\n        <!--\/ Carusel Item -->\n\n        \n\n        <!-- Carusel Item -->\n        <div class=\"carousel--item \" data-duration=1 data-scrub=\"false\" data-pin=\"false\" data-anim-out=\"false\"  data-delay=0>\n\n            <!-- Single Project -->\n            <div class=\"single-project\">\n\n                <!-- Project URL --><a class=\" cursor-default inner-project-link\"  href=\"https:\/\/anetawitkowska.pl\/?portfolio=uxunleashed\">\n\n                    <div class=\"single-project-wrap\">\n\n                        \n                        <!-- Meta -->\n                        <div class=\"single-project-meta\">\n\n                            <div class=\"single-project-title text-h6\">\n                                LP na serwis Murator                            <\/div>\n\n                            <div class=\"single-project-category\"> <span>Web Design<\/span><\/div>\n\n                        <\/div>\n                        <!--\/ Meta -->\n\n                        \n\n                        <!-- Image -->\n                        <div class=\"single-project-image trans-media\">\n\n                            \n                            \n                            <img decoding=\"async\" src=\"https:\/\/anetawitkowska.pl\/wp-content\/uploads\/2023\/11\/277.png\">\n\n                            \n                        <\/div>\n                        <!--\/ Image -->\n\n                        \n                    <\/div>\n\n                <\/a>\n\n            <\/div>\n            <!--\/ Single Project -->\n\n        <\/div>\n        <!--\/ Carusel Item -->\n\n        \n\n        <!-- Carusel Item -->\n        <div class=\"carousel--item \" data-duration=1 data-scrub=\"false\" data-pin=\"false\" data-anim-out=\"false\"  data-delay=0>\n\n            <!-- Single Project -->\n            <div class=\"single-project\">\n\n                <!-- Project URL --><a class=\" cursor-default inner-project-link\"  href=\"https:\/\/anetawitkowska.pl\/?portfolio=style-scape-2\">\n\n                    <div class=\"single-project-wrap\">\n\n                        \n                        <!-- Meta -->\n                        <div class=\"single-project-meta\">\n\n                            <div class=\"single-project-title text-h6\">\n                                Social Media sklepu kosmetycznego                            <\/div>\n\n                            <div class=\"single-project-category\"> <span>Social Media i animacja<\/span><\/div>\n\n                        <\/div>\n                        <!--\/ Meta -->\n\n                        \n\n                        <!-- Image -->\n                        <div class=\"single-project-image trans-media\">\n\n                            \n                            \n                            <img decoding=\"async\" src=\"https:\/\/anetawitkowska.pl\/wp-content\/uploads\/2023\/11\/smartphone_with_social_media_carousel_interface_social_media_design_concept_minimal_design_mobile_app_mockup_on_realistic_smartphone_screen_3d_rendering-1.png\">\n\n                            \n                        <\/div>\n                        <!--\/ Image -->\n\n                        \n                    <\/div>\n\n                <\/a>\n\n            <\/div>\n            <!--\/ Single Project -->\n\n        <\/div>\n        <!--\/ Carusel Item -->\n\n        \n\n        <!-- Carusel Item -->\n        <div class=\"carousel--item \" data-duration=1 data-scrub=\"false\" data-pin=\"false\" data-anim-out=\"false\"  data-delay=0>\n\n            <!-- Single Project -->\n            <div class=\"single-project\">\n\n                <!-- Project URL --><a class=\" cursor-default inner-project-link\"  href=\"https:\/\/anetawitkowska.pl\/?portfolio=architexture\">\n\n                    <div class=\"single-project-wrap\">\n\n                        \n                        <!-- Meta -->\n                        <div class=\"single-project-meta\">\n\n                            <div class=\"single-project-title text-h6\">\n                                Branding i druk                            <\/div>\n\n                            <div class=\"single-project-category\"> <span>Branding i druk<\/span><\/div>\n\n                        <\/div>\n                        <!--\/ Meta -->\n\n                        \n\n                        <!-- Image -->\n                        <div class=\"single-project-image trans-media\">\n\n                            \n                            \n                            <img decoding=\"async\" src=\"https:\/\/anetawitkowska.pl\/wp-content\/uploads\/2023\/11\/pasamona_broszura_portfolio_2fig.jpg\">\n\n                            \n                        <\/div>\n                        <!--\/ Image -->\n\n                        \n                    <\/div>\n\n                <\/a>\n\n            <\/div>\n            <!--\/ Single Project -->\n\n        <\/div>\n        <!--\/ Carusel Item -->\n\n        \n    <\/div>\n\n\n    \n\n<\/div>\n<!--\/ Dynamic Carousel -->\n\t\t\t\t<\/div>\n\t\t\t\t<\/div>\n\t\t\t\t\t<\/div>\n\t\t\t\t<\/div>\n\t\t\t\t<section class=\"elementor-section elementor-top-section elementor-element elementor-element-fd3df09 wrapper-fuller elementor-section-full_width section-normal elementor-section-height-default elementor-section-height-default default\" data-id=\"fd3df09\" data-element_type=\"section\">\n\t\t\t\t\t\t<div class=\"elementor-container elementor-column-gap-default\">\n\t\t\t\t\t<div class=\"elementor-column elementor-col-100 elementor-top-column elementor-element elementor-element-f88849a\" data-id=\"f88849a\" data-element_type=\"column\">\n\t\t\t<div class=\"elementor-widget-wrap elementor-element-populated\">\n\t\t\t\t\t\t<div class=\"elementor-element elementor-element-9d0fc15 elementor-widget elementor-widget-naylaprojectsgrid\" data-id=\"9d0fc15\" data-element_type=\"widget\" data-widget_type=\"naylaprojectsgrid.default\">\n\t\t\t\t<div class=\"elementor-widget-container\">\n\t\t\t\t\t\n\n<!-- Portfolio Grid -->\n<div class=\"portfolio-grid details-below no filterable col-3\" data-view-text=\"View Project\" data-hovers=\"classic cursor arrow imageMask\" data-total=\"5\" >\n\n\n    \n    <!-- Grid Controls -->\n    <div class=\"grid-controls\">\n\n                <!-- Filters -->\n        <div class=\"portfolio-filters horizontal\">\n\n            <span class=\"grid-filter\">FILTR:<\/span>\n\n            <ul class=\"grid-portfolio-filtering\">\n                <li id=\"all\" class=\"active\">Wszystko<\/li>\n\n                                <li id=\"cat_branding\">Branding i druk<\/li>\n\n                                <li id=\"cat_web-design\">Web Design<\/li>\n\n                                <li id=\"cat_social-media\">Social Media i animacja<\/li>\n\n                            <\/ul>\n\n        <\/div>\n        <!--\/ Filters -->\n        \n        \n    <\/div>\n    <!--\/ Controls -->\n    \n    <!-- Projects Wrapper -->\n    <div class=\"grid-projects-wrapper\">\n\n        \n        <!-- Project -->\n        <div class=\"grid-project align-right  cat_social-media \" data-duration=1 data-delay=\"0\" data-scrub=\"false\" data-pin=\"false\" data-anim-out=\"false\" >\n\n            <!-- Project URL --><a class=\"grid-project-link  cursor-text\" data-cursor-text=\"Kliknij\" href=\"https:\/\/anetawitkowska.pl\/?portfolio=style-scape-2\">\n\n                <div class=\"grid-project-wrap\">\n\n                    <!--  Image -->\n                    <div class=\"grid-project-image\">\n\n\n\n                            <!-- Project Image -->\n    <div class=\"project-image featured has-anim maskUp\" data-duration=1 data-delay=0>\n\n        <img src=\"https:\/\/anetawitkowska.pl\/wp-content\/uploads\/2023\/11\/smartphone_with_social_media_carousel_interface_social_media_design_concept_minimal_design_mobile_app_mockup_on_realistic_smartphone_screen_3d_rendering-1-280x180.png\" class=\"attachment-post-thumbnail size-post-thumbnail wp-post-image\" alt=\"kontigo\" decoding=\"async\" \/>\n    <\/div>\n    <!--\/Project Image -->\n\n    \n                    <\/div>\n                    <!--\/ Image -->\n\n                    <!--  Meta -->\n                    <div class=\"grid-project-meta\">\n\n                        <!-- Title -->\n                        <div class=\"grid-project-title\">\n                            Social Media sklepu kosmetycznego                        <\/div>\n                        <!--\/ Title -->\n\n                        \n                        <!-- Category -->\n                        <div class=\"grid-project-category\">\n                            Social Media i animacja                        <\/div>\n                        <!--\/ Category -->\n\n                                            <\/div>\n                    <!--\/ Meta -->\n\n                <\/div>\n\n            <\/a>\n\n        <\/div>\n        <!--\/Project -->\n\n\n        \n        <!-- Project -->\n        <div class=\"grid-project align-right  cat_social-media cat_web-design \" data-duration=1 data-delay=\"0\" data-scrub=\"false\" data-pin=\"false\" data-anim-out=\"false\" >\n\n            <!-- Project URL --><a class=\"grid-project-link  cursor-text\" data-cursor-text=\"Kliknij\" href=\"https:\/\/anetawitkowska.pl\/?portfolio=web-nesvita\">\n\n                <div class=\"grid-project-wrap\">\n\n                    <!--  Image -->\n                    <div class=\"grid-project-image\">\n\n\n\n                            <!-- Project Image -->\n    <div class=\"project-image featured \" >\n\n        <img src=\"https:\/\/anetawitkowska.pl\/wp-content\/uploads\/2023\/11\/340-280x180.png\" class=\"attachment-post-thumbnail size-post-thumbnail wp-post-image\" alt=\"\" decoding=\"async\" \/>\n    <\/div>\n    <!--\/Project Image -->\n\n    \n                    <\/div>\n                    <!--\/ Image -->\n\n                    <!--  Meta -->\n                    <div class=\"grid-project-meta\">\n\n                        <!-- Title -->\n                        <div class=\"grid-project-title\">\n                            Projekty webowe dla Marki spo\u017cywczej                        <\/div>\n                        <!--\/ Title -->\n\n                        \n                        <!-- Category -->\n                        <div class=\"grid-project-category\">\n                            Social Media i animacja, Web Design                        <\/div>\n                        <!--\/ Category -->\n\n                                            <\/div>\n                    <!--\/ Meta -->\n\n                <\/div>\n\n            <\/a>\n\n        <\/div>\n        <!--\/Project -->\n\n\n        \n        <!-- Project -->\n        <div class=\"grid-project align-right  cat_web-design \" data-duration=1 data-delay=\"0\" data-scrub=\"false\" data-pin=\"false\" data-anim-out=\"false\" >\n\n            <!-- Project URL --><a class=\"grid-project-link  cursor-text\" data-cursor-text=\"Kliknij\" href=\"https:\/\/anetawitkowska.pl\/?portfolio=uxunleashed\">\n\n                <div class=\"grid-project-wrap\">\n\n                    <!--  Image -->\n                    <div class=\"grid-project-image\">\n\n\n\n                            <!-- Project Image -->\n    <div class=\"project-image featured has-anim maskUp\" data-duration=1 data-delay=0>\n\n        <img src=\"https:\/\/anetawitkowska.pl\/wp-content\/uploads\/2023\/11\/277-280x180.png\" class=\"attachment-post-thumbnail size-post-thumbnail wp-post-image\" alt=\"LP murator\" decoding=\"async\" \/>\n    <\/div>\n    <!--\/Project Image -->\n\n    \n                    <\/div>\n                    <!--\/ Image -->\n\n                    <!--  Meta -->\n                    <div class=\"grid-project-meta\">\n\n                        <!-- Title -->\n                        <div class=\"grid-project-title\">\n                            LP na serwis Murator                        <\/div>\n                        <!--\/ Title -->\n\n                        \n                        <!-- Category -->\n                        <div class=\"grid-project-category\">\n                            Web Design                        <\/div>\n                        <!--\/ Category -->\n\n                                            <\/div>\n                    <!--\/ Meta -->\n\n                <\/div>\n\n            <\/a>\n\n        <\/div>\n        <!--\/Project -->\n\n\n        \n        <!-- Project -->\n        <div class=\"grid-project align-right  cat_web-design \" data-duration=1 data-delay=\"0\" data-scrub=\"false\" data-pin=\"false\" data-anim-out=\"false\" >\n\n            <!-- Project URL --><a class=\"grid-project-link  cursor-text\" data-cursor-text=\"Kliknij\" href=\"https:\/\/anetawitkowska.pl\/?portfolio=kampanie-verco\">\n\n                <div class=\"grid-project-wrap\">\n\n                    <!--  Image -->\n                    <div class=\"grid-project-image\">\n\n\n\n                            <!-- Project Image -->\n    <div class=\"project-image featured \" >\n\n        <img src=\"https:\/\/anetawitkowska.pl\/wp-content\/uploads\/2023\/11\/201-1-280x180.png\" class=\"attachment-post-thumbnail size-post-thumbnail wp-post-image\" alt=\"\" decoding=\"async\" \/>\n    <\/div>\n    <!--\/Project Image -->\n\n    \n                    <\/div>\n                    <!--\/ Image -->\n\n                    <!--  Meta -->\n                    <div class=\"grid-project-meta\">\n\n                        <!-- Title -->\n                        <div class=\"grid-project-title\">\n                            Kampanie lek\u00f3w dla kobiet                        <\/div>\n                        <!--\/ Title -->\n\n                        \n                        <!-- Category -->\n                        <div class=\"grid-project-category\">\n                            Web Design                        <\/div>\n                        <!--\/ Category -->\n\n                                            <\/div>\n                    <!--\/ Meta -->\n\n                <\/div>\n\n            <\/a>\n\n        <\/div>\n        <!--\/Project -->\n\n\n        \n        <!-- Project -->\n        <div class=\"grid-project align-right  cat_branding \" data-duration=1 data-delay=\"0\" data-scrub=\"false\" data-pin=\"false\" data-anim-out=\"false\" >\n\n            <!-- Project URL --><a class=\"grid-project-link  cursor-text\" data-cursor-text=\"Kliknij\" href=\"https:\/\/anetawitkowska.pl\/?portfolio=architexture\">\n\n                <div class=\"grid-project-wrap\">\n\n                    <!--  Image -->\n                    <div class=\"grid-project-image\">\n\n\n\n                            <!-- Project Image -->\n    <div class=\"project-image featured \" >\n\n        <img src=\"https:\/\/anetawitkowska.pl\/wp-content\/uploads\/2023\/11\/pasamona_ulotkas1_port_fig-280x180.jpg\" class=\"attachment-post-thumbnail size-post-thumbnail wp-post-image\" alt=\"\" decoding=\"async\" \/>\n    <\/div>\n    <!--\/Project Image -->\n\n    \n                    <\/div>\n                    <!--\/ Image -->\n\n                    <!--  Meta -->\n                    <div class=\"grid-project-meta\">\n\n                        <!-- Title -->\n                        <div class=\"grid-project-title\">\n                            Branding i druk                        <\/div>\n                        <!--\/ Title -->\n\n                        \n                        <!-- Category -->\n                        <div class=\"grid-project-category\">\n                            Branding i druk                        <\/div>\n                        <!--\/ Category -->\n\n                                            <\/div>\n                    <!--\/ Meta -->\n\n                <\/div>\n\n            <\/a>\n\n        <\/div>\n        <!--\/Project -->\n\n\n        \n\n\n\n\n    <\/div>\n    <!--\/Projects Wrapper -->\n\n        \n<\/div>\n<!--\/Portfolio Grid -->\n\n\n\t\t\t\t<\/div>\n\t\t\t\t<\/div>\n\t\t\t\t\t<\/div>\n\t\t<\/div>\n\t\t\t\t\t<\/div>\n\t\t<\/section>\n\t\t\t\t<\/div>\n\t\t","protected":false},"excerpt":{"rendered":"<p>STRONA G\u0141\u00d3WNA O MNIE PORTFOLIO PORTFOLIO Kampanie lek\u00f3w dla kobiet Web Design Projekty webowe dla Marki spo\u017cywczej Social Media i animacjaWeb Design LP na serwis Murator Web Design Social Media [&hellip;]<\/p>\n","protected":false},"author":1,"featured_media":0,"parent":0,"menu_order":0,"comment_status":"closed","ping_status":"closed","template":"elementor_canvas","meta":{"footnotes":""},"acf":[],"_links":{"self":[{"href":"https:\/\/anetawitkowska.pl\/index.php?rest_route=\/wp\/v2\/pages\/3300"}],"collection":[{"href":"https:\/\/anetawitkowska.pl\/index.php?rest_route=\/wp\/v2\/pages"}],"about":[{"href":"https:\/\/anetawitkowska.pl\/index.php?rest_route=\/wp\/v2\/types\/page"}],"author":[{"embeddable":true,"href":"https:\/\/anetawitkowska.pl\/index.php?rest_route=\/wp\/v2\/users\/1"}],"replies":[{"embeddable":true,"href":"https:\/\/anetawitkowska.pl\/index.php?rest_route=%2Fwp%2Fv2%2Fcomments&post=3300"}],"version-history":[{"count":20,"href":"https:\/\/anetawitkowska.pl\/index.php?rest_route=\/wp\/v2\/pages\/3300\/revisions"}],"predecessor-version":[{"id":10460,"href":"https:\/\/anetawitkowska.pl\/index.php?rest_route=\/wp\/v2\/pages\/3300\/revisions\/10460"}],"wp:attachment":[{"href":"https:\/\/anetawitkowska.pl\/index.php?rest_route=%2Fwp%2Fv2%2Fmedia&parent=3300"}],"curies":[{"name":"wp","href":"https:\/\/api.w.org\/{rel}","templated":true}]}}